{"id":222,"date":"2022-01-27T19:48:04","date_gmt":"2022-01-27T19:48:04","guid":{"rendered":"https:\/\/leonduran.org\/?page_id=222"},"modified":"2023-10-25T17:50:37","modified_gmt":"2023-10-25T17:50:37","slug":"quienes-somos","status":"publish","type":"page","link":"https:\/\/leonduran.org\/index.php\/quienes-somos\/","title":{"rendered":"\u00bfQui\u00e9nes somos?"},"content":{"rendered":"\t\t<div data-elementor-type=\"wp-page\" data-elementor-id=\"222\" class=\"elementor elementor-222\">\n\t\t\t\t\t\t<section class=\"elementor-section elementor-top-section elementor-element elementor-element-d7837f1 elementor-section-stretched elementor-section-boxed elementor-section-height-default elementor-section-height-default\" data-id=\"d7837f1\" data-element_type=\"section\" data-e-type=\"section\" data-settings=\"{&quot;stretch_section&quot;:&quot;section-stretched&quot;,&quot;background_background&quot;:&quot;classic&quot;}\">\n\t\t\t\t\t\t<div class=\"elementor-container elementor-column-gap-wider\">\n\t\t\t\t\t<div class=\"elementor-column elementor-col-50 elementor-top-column elementor-element elementor-element-f02fc9b\" data-id=\"f02fc9b\" data-element_type=\"column\" data-e-type=\"column\">\n\t\t\t<div class=\"elementor-widget-wrap elementor-element-populated\">\n\t\t\t\t\t\t<div class=\"elementor-element elementor-element-4d2bd3c elementor-widget elementor-widget-text-editor\" data-id=\"4d2bd3c\" data-element_type=\"widget\" data-e-type=\"widget\" data-widget_type=\"text-editor.default\">\n\t\t\t\t<div class=\"elementor-widget-container\">\n\t\t\t\t\t\t\t\t\t<p><strong><span style=\"color: #ffffff;\">Somos un grupo de j\u00f3venes profesionistas comprometidos con nuestra comunidad, que trabajan todos los d\u00edas para brindar mejores oportunidades a familias de bajos recursos, para la reconstrucci\u00f3n del tejido social.<\/span><\/strong><\/p><p><strong><span style=\"color: #ffffff;\">Para ello contamos con un equipo multidisciplinario de profesionales en diferentes ramos, como salud, educaci\u00f3n, emprendimientos y m\u00e1s\u2026<\/span><\/strong><\/p>\t\t\t\t\t\t\t\t<\/div>\n\t\t\t\t<\/div>\n\t\t\t\t\t<\/div>\n\t\t<\/div>\n\t\t\t\t<div class=\"elementor-column elementor-col-50 elementor-top-column elementor-element elementor-element-67ba908\" data-id=\"67ba908\" data-element_type=\"column\" data-e-type=\"column\">\n\t\t\t<div class=\"elementor-widget-wrap elementor-element-populated\">\n\t\t\t\t\t\t<div class=\"elementor-element elementor-element-85127f1 elementor-widget elementor-widget-image\" data-id=\"85127f1\" data-element_type=\"widget\" data-e-type=\"widget\" data-widget_type=\"image.default\">\n\t\t\t\t<div class=\"elementor-widget-container\">\n\t\t\t\t\t\t\t\t\t\t\t\t\t\t\t<img fetchpriority=\"high\" decoding=\"async\" width=\"640\" height=\"480\" src=\"https:\/\/leonduran.org\/wp-content\/uploads\/2022\/01\/WhatsApp-Image-2022-01-22-at-12.36.10-AM-1024x768.jpeg\" class=\"attachment-large size-large wp-image-67\" alt=\"\" srcset=\"https:\/\/leonduran.org\/wp-content\/uploads\/2022\/01\/WhatsApp-Image-2022-01-22-at-12.36.10-AM-1024x768.jpeg 1024w, https:\/\/leonduran.org\/wp-content\/uploads\/2022\/01\/WhatsApp-Image-2022-01-22-at-12.36.10-AM-300x225.jpeg 300w, https:\/\/leonduran.org\/wp-content\/uploads\/2022\/01\/WhatsApp-Image-2022-01-22-at-12.36.10-AM-768x576.jpeg 768w, https:\/\/leonduran.org\/wp-content\/uploads\/2022\/01\/WhatsApp-Image-2022-01-22-at-12.36.10-AM.jpeg 1280w\" sizes=\"(max-width: 640px) 100vw, 640px\" \/>\t\t\t\t\t\t\t\t\t\t\t\t\t\t\t<\/div>\n\t\t\t\t<\/div>\n\t\t\t\t\t<\/div>\n\t\t<\/div>\n\t\t\t\t\t<\/div>\n\t\t<\/section>\n\t\t\t\t<section class=\"elementor-section elementor-top-section elementor-element elementor-element-2af6cb8 elementor-section-stretched elementor-section-boxed elementor-section-height-default elementor-section-height-default\" data-id=\"2af6cb8\" data-element_type=\"section\" data-e-type=\"section\" data-settings=\"{&quot;stretch_section&quot;:&quot;section-stretched&quot;,&quot;background_background&quot;:&quot;classic&quot;}\">\n\t\t\t\t\t\t<div class=\"elementor-container elementor-column-gap-wider\">\n\t\t\t\t\t<div class=\"elementor-column elementor-col-50 elementor-top-column elementor-element elementor-element-7ebcdaf\" data-id=\"7ebcdaf\" data-element_type=\"column\" data-e-type=\"column\">\n\t\t\t<div class=\"elementor-widget-wrap elementor-element-populated\">\n\t\t\t\t\t\t<div class=\"elementor-element elementor-element-e13ba69 elementor-widget elementor-widget-heading\" data-id=\"e13ba69\" data-element_type=\"widget\" data-e-type=\"widget\" data-widget_type=\"heading.default\">\n\t\t\t\t<div class=\"elementor-widget-container\">\n\t\t\t\t\t<h2 class=\"elementor-heading-title elementor-size-default\">Programa de Diagn\u00f3stico Oportuno para la Detecci\u00f3n y Prevenci\u00f3n de Enfermedades.<\/h2>\t\t\t\t<\/div>\n\t\t\t\t<\/div>\n\t\t\t\t<div class=\"elementor-element elementor-element-fdfdad8 elementor-widget elementor-widget-spacer\" data-id=\"fdfdad8\" data-element_type=\"widget\" data-e-type=\"widget\" data-widget_type=\"spacer.default\">\n\t\t\t\t<div class=\"elementor-widget-container\">\n\t\t\t\t\t\t\t<div class=\"elementor-spacer\">\n\t\t\t<div class=\"elementor-spacer-inner\"><\/div>\n\t\t<\/div>\n\t\t\t\t\t\t<\/div>\n\t\t\t\t<\/div>\n\t\t\t\t<div class=\"elementor-element elementor-element-4ca9db0 elementor-widget elementor-widget-text-editor\" data-id=\"4ca9db0\" data-element_type=\"widget\" data-e-type=\"widget\" data-widget_type=\"text-editor.default\">\n\t\t\t\t<div class=\"elementor-widget-container\">\n\t\t\t\t\t\t\t\t\t<p><strong><span style=\"color: #ffffff;\">Es un programa permanente a bajo costo que tiene como objetivo acercar a todos los habitantes del municipio, servicios de salud de calidad, como en este caso en particular, dos estudios (Resonancia magn\u00e9tica cu\u00e1ntica y ultrasonido), un diagn\u00f3stico y una consulta de nutrici\u00f3n para la prevenci\u00f3n e identificaci\u00f3n de enfermedades.<\/span><\/strong><\/p>\t\t\t\t\t\t\t\t<\/div>\n\t\t\t\t<\/div>\n\t\t\t\t\t<\/div>\n\t\t<\/div>\n\t\t\t\t<div class=\"elementor-column elementor-col-50 elementor-top-column elementor-element elementor-element-343cb2c\" data-id=\"343cb2c\" data-element_type=\"column\" data-e-type=\"column\">\n\t\t\t<div class=\"elementor-widget-wrap\">\n\t\t\t\t\t\t\t<\/div>\n\t\t<\/div>\n\t\t\t\t\t<\/div>\n\t\t<\/section>\n\t\t\t\t<\/div>\n\t\t","protected":false},"excerpt":{"rendered":"<p>Somos un grupo de j\u00f3venes profesionistas comprometidos con nuestra comunidad, que trabajan todos los d\u00edas&#8230;<\/p>\n","protected":false},"author":1,"featured_media":0,"parent":0,"menu_order":0,"comment_status":"closed","ping_status":"closed","template":"","meta":{"om_disable_all_campaigns":false,"_monsterinsights_skip_tracking":false,"_monsterinsights_sitenote_active":false,"_monsterinsights_sitenote_note":"","_monsterinsights_sitenote_category":0,"footnotes":""},"class_list":["post-222","page","type-page","status-publish","hentry"],"aioseo_notices":[],"_links":{"self":[{"href":"https:\/\/leonduran.org\/index.php\/wp-json\/wp\/v2\/pages\/222","targetHints":{"allow":["GET"]}}],"collection":[{"href":"https:\/\/leonduran.org\/index.php\/wp-json\/wp\/v2\/pages"}],"about":[{"href":"https:\/\/leonduran.org\/index.php\/wp-json\/wp\/v2\/types\/page"}],"author":[{"embeddable":true,"href":"https:\/\/leonduran.org\/index.php\/wp-json\/wp\/v2\/users\/1"}],"replies":[{"embeddable":true,"href":"https:\/\/leonduran.org\/index.php\/wp-json\/wp\/v2\/comments?post=222"}],"version-history":[{"count":10,"href":"https:\/\/leonduran.org\/index.php\/wp-json\/wp\/v2\/pages\/222\/revisions"}],"predecessor-version":[{"id":246,"href":"https:\/\/leonduran.org\/index.php\/wp-json\/wp\/v2\/pages\/222\/revisions\/246"}],"wp:attachment":[{"href":"https:\/\/leonduran.org\/index.php\/wp-json\/wp\/v2\/media?parent=222"}],"curies":[{"name":"wp","href":"https:\/\/api.w.org\/{rel}","templated":true}]}}